{"id":6,"date":"2020-04-07T08:48:28","date_gmt":"2020-04-07T08:48:28","guid":{"rendered":"https:\/\/demosites.io\/fitness-trainer-gb\/?page_id=6"},"modified":"2024-03-05T10:55:10","modified_gmt":"2024-03-05T10:55:10","slug":"9cafb-fitness-trainer-blog","status":"publish","type":"page","link":"https:\/\/lorenzocoll.com\/en\/9cafb-fitness-trainer-blog","title":{"rendered":"Blog"},"content":{"rendered":"<section id=\"wp-block-themeisle-blocks-advanced-columns-8e5f5f85\" class=\"wp-block-themeisle-blocks-advanced-columns alignfull has-1-columns has-desktop-equal-layout has-tablet-equal-layout has-mobile-equal-layout has-vertical-center\"><div class=\"wp-block-themeisle-blocks-advanced-columns-overlay\"><\/div><div class=\"innerblocks-wrap\">\n<div id=\"wp-block-themeisle-blocks-advanced-column-b070ff3b\" class=\"wp-block-themeisle-blocks-advanced-column\">\n<h1 id=\"wp-block-themeisle-blocks-advanced-heading-2f679188\" class=\"wp-block-themeisle-blocks-advanced-heading wp-block-themeisle-blocks-advanced-heading-2f679188\">Lorenzo Coll | Aikido blog<\/h1>\n<\/div>\n<\/div><\/section>\n\n\n\n<div id=\"wp-block-themeisle-blocks-advanced-columns-a8eae8c7\" class=\"wp-block-themeisle-blocks-advanced-columns has-1-columns has-desktop-equal-layout has-tablet-equal-layout has-mobile-equal-layout has-vertical-unset\"><div class=\"wp-block-themeisle-blocks-advanced-columns-overlay\"><\/div><div class=\"innerblocks-wrap\">\n<div id=\"wp-block-themeisle-blocks-advanced-column-d2442e5c\" class=\"wp-block-themeisle-blocks-advanced-column\">\n<h2 id=\"wp-block-themeisle-blocks-advanced-heading-ba76ed45\" class=\"wp-block-themeisle-blocks-advanced-heading wp-block-themeisle-blocks-advanced-heading-ba76ed45 o-typing-faster\">SEISHIN DOJO &#8211; MUSUBI AIKIDO MALLORCA<\/h2>\n<\/div>\n<\/div><\/div>\n\n\n\n<section id=\"wp-block-themeisle-blocks-advanced-columns-7b47bda8\" class=\"wp-block-themeisle-blocks-advanced-columns alignfull has-1-columns has-desktop-equal-layout has-tablet-equal-layout has-mobile-equal-layout has-vertical-flex-start has-light-bg\"><div class=\"wp-block-themeisle-blocks-advanced-columns-overlay\"><\/div><div class=\"innerblocks-wrap\">\n<div id=\"wp-block-themeisle-blocks-advanced-column-287d6e48\" class=\"wp-block-themeisle-blocks-advanced-column\"><div class=\"wp-block-themeisle-blocks-posts-grid\" id=\"wp-block-themeisle-blocks-posts-grid-29d28d02\"><div class=\"is-grid o-posts-grid-columns-3\"><div class=\"o-posts-grid-post-blog o-posts-grid-post-plain\"><div class=\"o-posts-grid-post\"><div class=\"o-posts-grid-post-image\"><a href=\"https:\/\/lorenzocoll.com\/en\/aikido-summercamp-lorenzo-coll-joan-rubio-mallorca-julio-2025\"><img loading=\"lazy\" decoding=\"async\" width=\"1440\" height=\"1800\" src=\"https:\/\/lorenzocoll.com\/wp-content\/uploads\/2025\/05\/499966819_1285279666940151_7635668526463463485_n.jpg\" class=\"attachment-full size-full\" alt=\"Seishin Aikido Mallorca\" srcset=\"https:\/\/lorenzocoll.com\/wp-content\/uploads\/2025\/05\/499966819_1285279666940151_7635668526463463485_n.jpg 1440w, https:\/\/lorenzocoll.com\/wp-content\/uploads\/2025\/05\/499966819_1285279666940151_7635668526463463485_n-240x300.jpg 240w, https:\/\/lorenzocoll.com\/wp-content\/uploads\/2025\/05\/499966819_1285279666940151_7635668526463463485_n-819x1024.jpg 819w, https:\/\/lorenzocoll.com\/wp-content\/uploads\/2025\/05\/499966819_1285279666940151_7635668526463463485_n-768x960.jpg 768w, https:\/\/lorenzocoll.com\/wp-content\/uploads\/2025\/05\/499966819_1285279666940151_7635668526463463485_n-1229x1536.jpg 1229w, https:\/\/lorenzocoll.com\/wp-content\/uploads\/2025\/05\/499966819_1285279666940151_7635668526463463485_n-10x12.jpg 10w\" sizes=\"(max-width: 1440px) 100vw, 1440px\" \/><\/a><\/div><div class=\"o-posts-grid-post-body\"><h3 class=\"o-posts-grid-post-title\"><a href=\"https:\/\/lorenzocoll.com\/en\/aikido-summercamp-lorenzo-coll-joan-rubio-mallorca-julio-2025\">Aikido SummerCamp. Lorenzo Coll, Joan Rubio. Mallorca. Julio 2025.<\/a><\/h3><p class=\"o-posts-grid-post-meta\">by <a href=\"https:\/\/lorenzocoll.com\/en\/author\/llorenc\">llorenc<\/a><\/p><div class=\"o-posts-grid-post-description\"><p>El pr\u00f3ximo 25, 26 y 27 de julio de 2025, se celebrar\u00e1 en Mallorca el seminario de verano Summer Camp\u2026<\/p><\/div><\/div><\/div><\/div><div class=\"o-posts-grid-post-blog o-posts-grid-post-plain\"><div class=\"o-posts-grid-post\"><div class=\"o-posts-grid-post-image\"><a href=\"https:\/\/lorenzocoll.com\/en\/lorenzo-coll-sensei-seminario-de-aikido-en-mallorca-marzo-2025\"><img loading=\"lazy\" decoding=\"async\" width=\"1440\" height=\"754\" src=\"https:\/\/lorenzocoll.com\/wp-content\/uploads\/2025\/04\/486953840_1232394635561988_1690826935368820490_n.jpg\" class=\"attachment-full size-full\" alt=\"Lorenzo Coll Sensei. Seishin Aikido Mallorca.\" srcset=\"https:\/\/lorenzocoll.com\/wp-content\/uploads\/2025\/04\/486953840_1232394635561988_1690826935368820490_n.jpg 1440w, https:\/\/lorenzocoll.com\/wp-content\/uploads\/2025\/04\/486953840_1232394635561988_1690826935368820490_n-300x157.jpg 300w, https:\/\/lorenzocoll.com\/wp-content\/uploads\/2025\/04\/486953840_1232394635561988_1690826935368820490_n-1024x536.jpg 1024w, https:\/\/lorenzocoll.com\/wp-content\/uploads\/2025\/04\/486953840_1232394635561988_1690826935368820490_n-768x402.jpg 768w, https:\/\/lorenzocoll.com\/wp-content\/uploads\/2025\/04\/486953840_1232394635561988_1690826935368820490_n-18x9.jpg 18w\" sizes=\"(max-width: 1440px) 100vw, 1440px\" \/><\/a><\/div><div class=\"o-posts-grid-post-body\"><h3 class=\"o-posts-grid-post-title\"><a href=\"https:\/\/lorenzocoll.com\/en\/lorenzo-coll-sensei-seminario-de-aikido-en-mallorca-marzo-2025\">Lorenzo Coll Sensei. Seminario de Aikido en Mallorca. Marzo 2025.<\/a><\/h3><p class=\"o-posts-grid-post-meta\">by <a href=\"https:\/\/lorenzocoll.com\/en\/author\/llorenc\">llorenc<\/a><\/p><div class=\"o-posts-grid-post-description\"><p>El curso impartido por Lorenzo Coll Sensei en el Seishin Dojo de Palma de Mallorca los d\u00edas 28 y 29 \u2026<\/p><\/div><\/div><\/div><\/div><div class=\"o-posts-grid-post-blog o-posts-grid-post-plain\"><div class=\"o-posts-grid-post\"><div class=\"o-posts-grid-post-image\"><a href=\"https:\/\/lorenzocoll.com\/en\/lorenzo-coll-seminario-de-aikido-en-mallorca\"><img loading=\"lazy\" decoding=\"async\" width=\"1440\" height=\"1800\" src=\"https:\/\/lorenzocoll.com\/wp-content\/uploads\/2025\/02\/475330115_1180596374075148_2390283885957593196_n.jpg\" class=\"attachment-full size-full\" alt=\"Lorenzo Coll Aikido\" srcset=\"https:\/\/lorenzocoll.com\/wp-content\/uploads\/2025\/02\/475330115_1180596374075148_2390283885957593196_n.jpg 1440w, https:\/\/lorenzocoll.com\/wp-content\/uploads\/2025\/02\/475330115_1180596374075148_2390283885957593196_n-240x300.jpg 240w, https:\/\/lorenzocoll.com\/wp-content\/uploads\/2025\/02\/475330115_1180596374075148_2390283885957593196_n-819x1024.jpg 819w, https:\/\/lorenzocoll.com\/wp-content\/uploads\/2025\/02\/475330115_1180596374075148_2390283885957593196_n-768x960.jpg 768w, https:\/\/lorenzocoll.com\/wp-content\/uploads\/2025\/02\/475330115_1180596374075148_2390283885957593196_n-1229x1536.jpg 1229w, https:\/\/lorenzocoll.com\/wp-content\/uploads\/2025\/02\/475330115_1180596374075148_2390283885957593196_n-10x12.jpg 10w\" sizes=\"(max-width: 1440px) 100vw, 1440px\" \/><\/a><\/div><div class=\"o-posts-grid-post-body\"><h3 class=\"o-posts-grid-post-title\"><a href=\"https:\/\/lorenzocoll.com\/en\/lorenzo-coll-seminario-de-aikido-en-mallorca\">Lorenzo Coll. Seminario de Aikido en Mallorca.<\/a><\/h3><p class=\"o-posts-grid-post-meta\">by <a href=\"https:\/\/lorenzocoll.com\/en\/author\/llorenc\">llorenc<\/a><\/p><div class=\"o-posts-grid-post-description\"><p>Seminario de Aikido con Lorenzo Coll Sensei en Mallorca \ud83d\udcc5 Fecha: 28 y 29 de marzo de 2025\ud83d\udccd Lugar: Do\u2026<\/p><\/div><\/div><\/div><\/div><\/div> <\/div><\/div>\n<\/div><\/section>\n\n\n\n<section id=\"wp-block-themeisle-blocks-advanced-columns-cb87630d\" class=\"wp-block-themeisle-blocks-advanced-columns alignfull has-1-columns has-desktop-equal-layout has-tablet-equal-layout has-mobile-equal-layout has-vertical-center has-dark-bg\"><div class=\"wp-block-themeisle-blocks-advanced-columns-overlay\"><\/div><div class=\"innerblocks-wrap\">\n<div id=\"wp-block-themeisle-blocks-advanced-column-a521c34e\" class=\"wp-block-themeisle-blocks-advanced-column\">\n<div id=\"wp-block-themeisle-blocks-font-awesome-icons-af9bbf9f\" class=\"wp-block-themeisle-blocks-font-awesome-icons\"><span class=\"wp-block-themeisle-blocks-font-awesome-icons-container\"><i class=\"fas fa-circle\"><\/i><\/span><\/div>\n\n\n\n<h2 class=\"wp-block-heading has-text-align-center has-nv-text-dark-bg-color has-text-color\">Contacta para m\u00e1s informaci\u00f3n sobre Aikido: clases, seminarios, informaci\u00f3n.<\/h2>\n\n\n\n<div id=\"wp-block-themeisle-blocks-button-group-6f732b60\" class=\"wp-block-themeisle-blocks-button-group wp-block-buttons align-center\">\n<div id=\"wp-block-themeisle-blocks-button-449cc43f\" class=\"wp-block-themeisle-blocks-button wp-block-button\"><a href=\"https:\/\/lorenzocoll.com\/en\/9cafb-contact\/\" target=\"_self\" rel=\"noopener noreferrer\" class=\"wp-block-button__link\"><span>CONTACTA<\/span><\/a><\/div>\n<\/div>\n<\/div>\n<\/div><\/section>","protected":false},"excerpt":{"rendered":"","protected":false},"author":1,"featured_media":0,"parent":0,"menu_order":0,"comment_status":"closed","ping_status":"closed","template":"page-templates\/template-pagebuilder-full-width.php","meta":{"_crdt_document":"","neve_meta_sidebar":"","neve_meta_container":"","neve_meta_enable_content_width":"off","neve_meta_content_width":0,"neve_meta_title_alignment":"","neve_meta_author_avatar":"","neve_post_elements_order":"","neve_meta_disable_header":"","neve_meta_disable_footer":"","neve_meta_disable_title":"","neve_meta_reading_time":"","_themeisle_gutenberg_block_has_review":false,"footnotes":""},"class_list":["post-6","page","type-page","status-publish","hentry"],"yoast_head":"<!-- This site is optimized with the Yoast SEO plugin v22.1 - https:\/\/yoast.com\/wordpress\/plugins\/seo\/ -->\n<title>Blog - Lorenzo Coll<\/title>\n<meta name=\"robots\" content=\"index, follow, max-snippet:-1, max-image-preview:large, max-video-preview:-1\" \/>\n<link rel=\"canonical\" href=\"https:\/\/lorenzocoll.com\/en\/9cafb-fitness-trainer-blog\/\" \/>\n<meta property=\"og:locale\" content=\"en_GB\" \/>\n<meta property=\"og:type\" content=\"article\" \/>\n<meta property=\"og:title\" content=\"Blog - Lorenzo Coll\" \/>\n<meta property=\"og:url\" content=\"https:\/\/lorenzocoll.com\/en\/9cafb-fitness-trainer-blog\/\" \/>\n<meta property=\"og:site_name\" content=\"Lorenzo Coll\" \/>\n<meta property=\"article:modified_time\" content=\"2024-03-05T10:55:10+00:00\" \/>\n<meta property=\"og:image\" content=\"https:\/\/lorenzocoll.com\/wp-content\/uploads\/2024\/03\/1000020652.jpg\" \/>\n\t<meta property=\"og:image:width\" content=\"1599\" \/>\n\t<meta property=\"og:image:height\" content=\"2048\" \/>\n\t<meta property=\"og:image:type\" content=\"image\/jpeg\" \/>\n<meta name=\"twitter:card\" content=\"summary_large_image\" \/>\n<script type=\"application\/ld+json\" class=\"yoast-schema-graph\">{\"@context\":\"https:\/\/schema.org\",\"@graph\":[{\"@type\":\"WebPage\",\"@id\":\"https:\/\/lorenzocoll.com\/9cafb-fitness-trainer-blog\",\"url\":\"https:\/\/lorenzocoll.com\/9cafb-fitness-trainer-blog\",\"name\":\"Blog - Lorenzo Coll\",\"isPartOf\":{\"@id\":\"https:\/\/lorenzocoll.com\/#website\"},\"datePublished\":\"2020-04-07T08:48:28+00:00\",\"dateModified\":\"2024-03-05T10:55:10+00:00\",\"breadcrumb\":{\"@id\":\"https:\/\/lorenzocoll.com\/9cafb-fitness-trainer-blog#breadcrumb\"},\"inLanguage\":\"en-GB\",\"potentialAction\":[{\"@type\":\"ReadAction\",\"target\":[\"https:\/\/lorenzocoll.com\/9cafb-fitness-trainer-blog\"]}]},{\"@type\":\"BreadcrumbList\",\"@id\":\"https:\/\/lorenzocoll.com\/9cafb-fitness-trainer-blog#breadcrumb\",\"itemListElement\":[{\"@type\":\"ListItem\",\"position\":1,\"name\":\"Portada\",\"item\":\"https:\/\/lorenzocoll.com\/\"},{\"@type\":\"ListItem\",\"position\":2,\"name\":\"Blog\"}]},{\"@type\":\"WebSite\",\"@id\":\"https:\/\/lorenzocoll.com\/#website\",\"url\":\"https:\/\/lorenzocoll.com\/\",\"name\":\"Lorenzo Coll Aikido\",\"description\":\"Professional Aikido Instructor\",\"publisher\":{\"@id\":\"https:\/\/lorenzocoll.com\/#\/schema\/person\/b4276bd54b83430b002d67916b7a7d52\"},\"alternateName\":\"Lorenzo Coll\",\"potentialAction\":[{\"@type\":\"SearchAction\",\"target\":{\"@type\":\"EntryPoint\",\"urlTemplate\":\"https:\/\/lorenzocoll.com\/?s={search_term_string}\"},\"query-input\":\"required name=search_term_string\"}],\"inLanguage\":\"en-GB\"},{\"@type\":[\"Person\",\"Organization\"],\"@id\":\"https:\/\/lorenzocoll.com\/#\/schema\/person\/b4276bd54b83430b002d67916b7a7d52\",\"name\":\"llorenc\",\"image\":{\"@type\":\"ImageObject\",\"inLanguage\":\"en-GB\",\"@id\":\"https:\/\/lorenzocoll.com\/#\/schema\/person\/image\/\",\"url\":\"https:\/\/lorenzocoll.com\/wp-content\/uploads\/2024\/03\/1000084141-edited.jpg\",\"contentUrl\":\"https:\/\/lorenzocoll.com\/wp-content\/uploads\/2024\/03\/1000084141-edited.jpg\",\"width\":1494,\"height\":1494,\"caption\":\"llorenc\"},\"logo\":{\"@id\":\"https:\/\/lorenzocoll.com\/#\/schema\/person\/image\/\"},\"sameAs\":[\"https:\/\/lorenzocoll.com\"]}]}<\/script>\n<!-- \/ Yoast SEO plugin. -->","yoast_head_json":{"title":"Blog - Lorenzo Coll","robots":{"index":"index","follow":"follow","max-snippet":"max-snippet:-1","max-image-preview":"max-image-preview:large","max-video-preview":"max-video-preview:-1"},"canonical":"https:\/\/lorenzocoll.com\/en\/9cafb-fitness-trainer-blog\/","og_locale":"en_GB","og_type":"article","og_title":"Blog - Lorenzo Coll","og_url":"https:\/\/lorenzocoll.com\/en\/9cafb-fitness-trainer-blog\/","og_site_name":"Lorenzo Coll","article_modified_time":"2024-03-05T10:55:10+00:00","og_image":[{"width":1599,"height":2048,"url":"https:\/\/lorenzocoll.com\/wp-content\/uploads\/2024\/03\/1000020652.jpg","type":"image\/jpeg"}],"twitter_card":"summary_large_image","schema":{"@context":"https:\/\/schema.org","@graph":[{"@type":"WebPage","@id":"https:\/\/lorenzocoll.com\/9cafb-fitness-trainer-blog","url":"https:\/\/lorenzocoll.com\/9cafb-fitness-trainer-blog","name":"Blog - Lorenzo Coll","isPartOf":{"@id":"https:\/\/lorenzocoll.com\/#website"},"datePublished":"2020-04-07T08:48:28+00:00","dateModified":"2024-03-05T10:55:10+00:00","breadcrumb":{"@id":"https:\/\/lorenzocoll.com\/9cafb-fitness-trainer-blog#breadcrumb"},"inLanguage":"en-GB","potentialAction":[{"@type":"ReadAction","target":["https:\/\/lorenzocoll.com\/9cafb-fitness-trainer-blog"]}]},{"@type":"BreadcrumbList","@id":"https:\/\/lorenzocoll.com\/9cafb-fitness-trainer-blog#breadcrumb","itemListElement":[{"@type":"ListItem","position":1,"name":"Portada","item":"https:\/\/lorenzocoll.com\/"},{"@type":"ListItem","position":2,"name":"Blog"}]},{"@type":"WebSite","@id":"https:\/\/lorenzocoll.com\/#website","url":"https:\/\/lorenzocoll.com\/","name":"Lorenzo Coll Aikido","description":"Professional Aikido Instructor","publisher":{"@id":"https:\/\/lorenzocoll.com\/#\/schema\/person\/b4276bd54b83430b002d67916b7a7d52"},"alternateName":"Lorenzo Coll","potentialAction":[{"@type":"SearchAction","target":{"@type":"EntryPoint","urlTemplate":"https:\/\/lorenzocoll.com\/?s={search_term_string}"},"query-input":"required name=search_term_string"}],"inLanguage":"en-GB"},{"@type":["Person","Organization"],"@id":"https:\/\/lorenzocoll.com\/#\/schema\/person\/b4276bd54b83430b002d67916b7a7d52","name":"llorenc","image":{"@type":"ImageObject","inLanguage":"en-GB","@id":"https:\/\/lorenzocoll.com\/#\/schema\/person\/image\/","url":"https:\/\/lorenzocoll.com\/wp-content\/uploads\/2024\/03\/1000084141-edited.jpg","contentUrl":"https:\/\/lorenzocoll.com\/wp-content\/uploads\/2024\/03\/1000084141-edited.jpg","width":1494,"height":1494,"caption":"llorenc"},"logo":{"@id":"https:\/\/lorenzocoll.com\/#\/schema\/person\/image\/"},"sameAs":["https:\/\/lorenzocoll.com"]}]}},"amp_enabled":true,"_links":{"self":[{"href":"https:\/\/lorenzocoll.com\/en\/wp-json\/wp\/v2\/pages\/6","targetHints":{"allow":["GET"]}}],"collection":[{"href":"https:\/\/lorenzocoll.com\/en\/wp-json\/wp\/v2\/pages"}],"about":[{"href":"https:\/\/lorenzocoll.com\/en\/wp-json\/wp\/v2\/types\/page"}],"author":[{"embeddable":true,"href":"https:\/\/lorenzocoll.com\/en\/wp-json\/wp\/v2\/users\/1"}],"replies":[{"embeddable":true,"href":"https:\/\/lorenzocoll.com\/en\/wp-json\/wp\/v2\/comments?post=6"}],"version-history":[{"count":6,"href":"https:\/\/lorenzocoll.com\/en\/wp-json\/wp\/v2\/pages\/6\/revisions"}],"predecessor-version":[{"id":215,"href":"https:\/\/lorenzocoll.com\/en\/wp-json\/wp\/v2\/pages\/6\/revisions\/215"}],"wp:attachment":[{"href":"https:\/\/lorenzocoll.com\/en\/wp-json\/wp\/v2\/media?parent=6"}],"curies":[{"name":"wp","href":"https:\/\/api.w.org\/{rel}","templated":true}]}}